{"id":4455,"date":"2020-07-03T06:21:47","date_gmt":"2020-07-03T06:21:47","guid":{"rendered":"http:\/\/lundeenfamilytree.com\/?page_id=4455"},"modified":"2020-07-10T05:18:19","modified_gmt":"2020-07-10T05:18:19","slug":"francis-young-marie-martha-legros-2","status":"publish","type":"page","link":"https:\/\/lundeenfamilytree.com\/?page_id=4455","title":{"rendered":"Francis Young &#038; Marie Martha LeGros"},"content":{"rendered":"\t\t<div data-elementor-type=\"wp-page\" data-elementor-id=\"4455\" class=\"elementor elementor-4455\" data-elementor-settings=\"[]\">\n\t\t\t\t\t\t<div class=\"elementor-inner\">\n\t\t\t\t\t\t\t<div class=\"elementor-section-wrap\">\n\t\t\t\t\t\t\t<section class=\"elementor-section elementor-top-section elementor-element elementor-element-635543c elementor-section-boxed elementor-section-height-default elementor-section-height-default\" data-id=\"635543c\" data-element_type=\"section\">\n\t\t\t\t\t\t<div class=\"elementor-container elementor-column-gap-default\">\n\t\t\t\t\t\t\t<div class=\"elementor-row\">\n\t\t\t\t\t<div class=\"elementor-column elementor-col-100 elementor-top-column elementor-element elementor-element-4969c2b\" data-id=\"4969c2b\" data-element_type=\"column\">\n\t\t\t<div class=\"elementor-column-wrap elementor-element-populated\">\n\t\t\t\t\t\t\t<div class=\"elementor-widget-wrap\">\n\t\t\t\t\t\t<div class=\"elementor-element elementor-element-9059037 elementor-widget elementor-widget-image\" data-id=\"9059037\" data-element_type=\"widget\" data-widget_type=\"image.default\">\n\t\t\t\t<div class=\"elementor-widget-container\">\n\t\t\t\t\t<div class=\"elementor-image\">\n\t\t\t\t\t\t\t\t\t\t<img width=\"1024\" height=\"769\" src=\"https:\/\/lundeenfamilytree.com\/wp-content\/uploads\/2020\/07\/france-1024x769.jpg\" class=\"attachment-large size-large\" alt=\"\" loading=\"lazy\" srcset=\"https:\/\/lundeenfamilytree.com\/wp-content\/uploads\/2020\/07\/france-1024x769.jpg 1024w, https:\/\/lundeenfamilytree.com\/wp-content\/uploads\/2020\/07\/france-300x225.jpg 300w, https:\/\/lundeenfamilytree.com\/wp-content\/uploads\/2020\/07\/france-768x577.jpg 768w, https:\/\/lundeenfamilytree.com\/wp-content\/uploads\/2020\/07\/france.jpg 1390w\" sizes=\"(max-width: 1024px) 100vw, 1024px\" \/>\t\t\t\t\t\t\t\t\t\t\t<\/div>\n\t\t\t\t<\/div>\n\t\t\t\t<\/div>\n\t\t\t\t\t\t<\/div>\n\t\t\t\t\t<\/div>\n\t\t<\/div>\n\t\t\t\t\t\t\t\t<\/div>\n\t\t\t\t\t<\/div>\n\t\t<\/section>\n\t\t\t\t<section class=\"elementor-section elementor-top-section elementor-element elementor-element-a6d85a1 elementor-section-boxed elementor-section-height-default elementor-section-height-default\" data-id=\"a6d85a1\" data-element_type=\"section\">\n\t\t\t\t\t\t<div class=\"elementor-container elementor-column-gap-default\">\n\t\t\t\t\t\t\t<div class=\"elementor-row\">\n\t\t\t\t\t<div class=\"elementor-column elementor-col-100 elementor-top-column elementor-element elementor-element-62fa6e0\" data-id=\"62fa6e0\" data-element_type=\"column\">\n\t\t\t<div class=\"elementor-column-wrap elementor-element-populated\">\n\t\t\t\t\t\t\t<div class=\"elementor-widget-wrap\">\n\t\t\t\t\t\t<div class=\"elementor-element elementor-element-9424d8a elementor-widget elementor-widget-text-editor\" data-id=\"9424d8a\" data-element_type=\"widget\" data-widget_type=\"text-editor.default\">\n\t\t\t\t<div class=\"elementor-widget-container\">\n\t\t\t\t\t<div class=\"elementor-text-editor elementor-clearfix\"><p>Francois Cadet Young Born 1673-Doux, Departement des Deux-S\u00e8vres, Poitou-Charentes, France<\/p><\/div>\n\t\t\t\t<\/div>\n\t\t\t\t<\/div>\n\t\t\t\t\t\t<\/div>\n\t\t\t\t\t<\/div>\n\t\t<\/div>\n\t\t\t\t\t\t\t\t<\/div>\n\t\t\t\t\t<\/div>\n\t\t<\/section>\n\t\t\t\t<section class=\"elementor-section elementor-top-section elementor-element elementor-element-4915c9f2 elementor-section-content-bottom elementor-section-boxed elementor-section-height-default elementor-section-height-default\" data-id=\"4915c9f2\" data-element_type=\"section\">\n\t\t\t\t\t\t<div class=\"elementor-container elementor-column-gap-default\">\n\t\t\t\t\t\t\t<div class=\"elementor-row\">\n\t\t\t\t\t<div class=\"elementor-column elementor-col-25 elementor-top-column elementor-element elementor-element-663b754b\" data-id=\"663b754b\" data-element_type=\"column\">\n\t\t\t<div class=\"elementor-column-wrap elementor-element-populated\">\n\t\t\t\t\t\t\t<div class=\"elementor-widget-wrap\">\n\t\t\t\t\t\t<div class=\"elementor-element elementor-element-2dfd422d elementor-position-top elementor-vertical-align-top elementor-widget elementor-widget-image-box\" data-id=\"2dfd422d\" data-element_type=\"widget\" data-widget_type=\"image-box.default\">\n\t\t\t\t<div class=\"elementor-widget-container\">\n\t\t\t<div class=\"elementor-image-box-wrapper\"><figure class=\"elementor-image-box-img\"><a href=\"http:\/\/lundeenfamilytree.com\/?page_id=4449\"><img width=\"594\" height=\"412\" src=\"https:\/\/lundeenfamilytree.com\/wp-content\/uploads\/2020\/04\/Screen-Shot-2020-04-04-at-2.22.52-PM-1.png\" class=\"elementor-animation-pulse-grow attachment-full size-full\" alt=\"\" loading=\"lazy\" srcset=\"https:\/\/lundeenfamilytree.com\/wp-content\/uploads\/2020\/04\/Screen-Shot-2020-04-04-at-2.22.52-PM-1.png 594w, https:\/\/lundeenfamilytree.com\/wp-content\/uploads\/2020\/04\/Screen-Shot-2020-04-04-at-2.22.52-PM-1-300x208.png 300w\" sizes=\"(max-width: 594px) 100vw, 594px\" \/><\/a><\/figure><div class=\"elementor-image-box-content\"><p class=\"elementor-image-box-description\">Maps<\/p><\/div><\/div>\t\t<\/div>\n\t\t\t\t<\/div>\n\t\t\t\t\t\t<\/div>\n\t\t\t\t\t<\/div>\n\t\t<\/div>\n\t\t\t\t<div class=\"elementor-column elementor-col-25 elementor-top-column elementor-element elementor-element-37930195\" data-id=\"37930195\" data-element_type=\"column\">\n\t\t\t<div class=\"elementor-column-wrap elementor-element-populated\">\n\t\t\t\t\t\t\t<div class=\"elementor-widget-wrap\">\n\t\t\t\t\t\t<div class=\"elementor-element elementor-element-6a2c53a0 elementor-position-top elementor-vertical-align-top elementor-widget elementor-widget-image-box\" data-id=\"6a2c53a0\" data-element_type=\"widget\" data-widget_type=\"image-box.default\">\n\t\t\t\t<div class=\"elementor-widget-container\">\n\t\t\t<div class=\"elementor-image-box-wrapper\"><figure class=\"elementor-image-box-img\"><a href=\"http:\/\/lundeenfamilytree.com\/?page_id=4451\"><img width=\"806\" height=\"674\" src=\"https:\/\/lundeenfamilytree.com\/wp-content\/uploads\/2020\/04\/Screen-Shot-2020-04-04-at-2.28.45-PM.png\" class=\"elementor-animation-pulse-grow attachment-full size-full\" alt=\"\" loading=\"lazy\" srcset=\"https:\/\/lundeenfamilytree.com\/wp-content\/uploads\/2020\/04\/Screen-Shot-2020-04-04-at-2.28.45-PM.png 806w, https:\/\/lundeenfamilytree.com\/wp-content\/uploads\/2020\/04\/Screen-Shot-2020-04-04-at-2.28.45-PM-300x251.png 300w, https:\/\/lundeenfamilytree.com\/wp-content\/uploads\/2020\/04\/Screen-Shot-2020-04-04-at-2.28.45-PM-768x642.png 768w\" sizes=\"(max-width: 806px) 100vw, 806px\" \/><\/a><\/figure><div class=\"elementor-image-box-content\"><p class=\"elementor-image-box-description\">Records<\/p><\/div><\/div>\t\t<\/div>\n\t\t\t\t<\/div>\n\t\t\t\t\t\t<\/div>\n\t\t\t\t\t<\/div>\n\t\t<\/div>\n\t\t\t\t<div class=\"elementor-column elementor-col-25 elementor-top-column elementor-element elementor-element-59a5af35\" data-id=\"59a5af35\" data-element_type=\"column\">\n\t\t\t<div class=\"elementor-column-wrap elementor-element-populated\">\n\t\t\t\t\t\t\t<div class=\"elementor-widget-wrap\">\n\t\t\t\t\t\t<div class=\"elementor-element elementor-element-4067412f elementor-position-top elementor-vertical-align-top elementor-widget elementor-widget-image-box\" data-id=\"4067412f\" data-element_type=\"widget\" data-widget_type=\"image-box.default\">\n\t\t\t\t<div class=\"elementor-widget-container\">\n\t\t\t<div class=\"elementor-image-box-wrapper\"><figure class=\"elementor-image-box-img\"><a href=\"http:\/\/fran\"><img width=\"524\" height=\"1114\" src=\"https:\/\/lundeenfamilytree.com\/wp-content\/uploads\/2020\/04\/Screen-Shot-2020-04-04-at-2.32.40-PM.png\" class=\"attachment-full size-full\" alt=\"\" loading=\"lazy\" srcset=\"https:\/\/lundeenfamilytree.com\/wp-content\/uploads\/2020\/04\/Screen-Shot-2020-04-04-at-2.32.40-PM.png 524w, https:\/\/lundeenfamilytree.com\/wp-content\/uploads\/2020\/04\/Screen-Shot-2020-04-04-at-2.32.40-PM-141x300.png 141w, https:\/\/lundeenfamilytree.com\/wp-content\/uploads\/2020\/04\/Screen-Shot-2020-04-04-at-2.32.40-PM-482x1024.png 482w\" sizes=\"(max-width: 524px) 100vw, 524px\" \/><\/a><\/figure><div class=\"elementor-image-box-content\"><p class=\"elementor-image-box-description\">Timeline<\/p><\/div><\/div>\t\t<\/div>\n\t\t\t\t<\/div>\n\t\t\t\t\t\t<\/div>\n\t\t\t\t\t<\/div>\n\t\t<\/div>\n\t\t\t\t<div class=\"elementor-column elementor-col-25 elementor-top-column elementor-element elementor-element-68cdacc2\" data-id=\"68cdacc2\" data-element_type=\"column\">\n\t\t\t<div class=\"elementor-column-wrap elementor-element-populated\">\n\t\t\t\t\t\t\t<div class=\"elementor-widget-wrap\">\n\t\t\t\t\t\t<div class=\"elementor-element elementor-element-2a9b2835 elementor-position-top elementor-vertical-align-top elementor-widget elementor-widget-image-box\" data-id=\"2a9b2835\" data-element_type=\"widget\" data-widget_type=\"image-box.default\">\n\t\t\t\t<div class=\"elementor-widget-container\">\n\t\t\t<div class=\"elementor-image-box-wrapper\"><figure class=\"elementor-image-box-img\"><img width=\"690\" height=\"512\" src=\"https:\/\/lundeenfamilytree.com\/wp-content\/uploads\/2020\/04\/Screen-Shot-2020-04-04-at-2.36.00-PM.png\" class=\"elementor-animation-pulse-grow attachment-full size-full\" alt=\"\" loading=\"lazy\" srcset=\"https:\/\/lundeenfamilytree.com\/wp-content\/uploads\/2020\/04\/Screen-Shot-2020-04-04-at-2.36.00-PM.png 690w, https:\/\/lundeenfamilytree.com\/wp-content\/uploads\/2020\/04\/Screen-Shot-2020-04-04-at-2.36.00-PM-300x223.png 300w\" sizes=\"(max-width: 690px) 100vw, 690px\" \/><\/figure><div class=\"elementor-image-box-content\"><p class=\"elementor-image-box-description\">\nPictures<\/p><\/div><\/div>\t\t<\/div>\n\t\t\t\t<\/div>\n\t\t\t\t\t\t<\/div>\n\t\t\t\t\t<\/div>\n\t\t<\/div>\n\t\t\t\t\t\t\t\t<\/div>\n\t\t\t\t\t<\/div>\n\t\t<\/section>\n\t\t\t\t<section class=\"elementor-section elementor-top-section elementor-element elementor-element-4972352 elementor-section-boxed elementor-section-height-default elementor-section-height-default\" data-id=\"4972352\" data-element_type=\"section\">\n\t\t\t\t\t\t<div class=\"elementor-container elementor-column-gap-default\">\n\t\t\t\t\t\t\t<div class=\"elementor-row\">\n\t\t\t\t\t<div class=\"elementor-column elementor-col-100 elementor-top-column elementor-element elementor-element-5ca2bcb\" data-id=\"5ca2bcb\" data-element_type=\"column\">\n\t\t\t<div class=\"elementor-column-wrap elementor-element-populated\">\n\t\t\t\t\t\t\t<div class=\"elementor-widget-wrap\">\n\t\t\t\t\t\t<div class=\"elementor-element elementor-element-f8cdc5d elementor-widget elementor-widget-text-editor\" data-id=\"f8cdc5d\" data-element_type=\"widget\" data-widget_type=\"text-editor.default\">\n\t\t\t\t<div class=\"elementor-widget-container\">\n\t\t\t\t\t<div class=\"elementor-text-editor elementor-clearfix\"><p>Marie was the wife of Francois Cadet. As a young French Huguenot couple they left the Deux Sevres region of France in the late 1600s and settled into the French Huguenot Community in London. Marie Martha was buried in St. Luke&#8217;s Church graveyard on Old Street in London.<br \/><br \/>These details are from the research of Janice McAlpine<br \/><br \/>Marthe&#8217;s parents were Michel LeGros and Magdelaine Bourdeaux, of Chastelerault (Ch\u00e2tellerault), Poitou, France, who were on Huguenot relief rolls in London in 1705. Modern day Ch\u00e2tellerault is twenty-two miles N.E. of Poitiers. Ch\u00e2tellerault, a Protestant stronghold, was the site of negotiations over the Edict of Nantes (1598), which gave Protestants freedom of worship in France following the intermittent Wars of Religion between Protestant and Catholic forces in France.<br \/><br \/>The following 1692 marriage record for Noel LeGros, lists Michel LeGros and Magdelaine Bourdeaux as Noel LeGros&#8217; parents. In the same record, Fran\u00e7ois Cadet is listed as Noel&#8217;s brother-in-law. Thus it appears that Michel LeGros was Marie Marthe&#8217;s father and Magdelaine Bourdeaux was probably her mother &#8212; assuming no second marriage for Michel LeGros. Source: Registers of the Church of La Patente, Spitafields. 1689-1785. Year: 1692 &#8220;LE GROS \\ 15 Oct. Noel Le Gros, f. de Michel Le Gros et de Magdelaine Bourdeaux, &#8211; avecq TRANCHANT J Jehanne Tranchant, ff. de deff&#8221; Samuel Tranchant et d&#8217;Elizabeth Ohappau, natifs de la ville de Chastelerault, province de Poictou. 3C. Michel Le Gros, led* pere ; Francois Cadet, beaufrere de l&#8217;e&#8221;poux; Daniel Tranchant, frere de l&#8217;spouse; Mr Jehan Chapeau ; D. Malgrange. Souchet, min.&#8221; [Translation] LE GROS: 15 Oct. Noel Le Gros, son of Michel Le Gros and Magdelaine Bourdeaux with TRANCHANT J Jehanne Tranchant, daughter of Samuel Tranchant and Elizabeth Ohappu, born in the city of Chastelerault, Province of Poictou. 3C [?] Michel Le Gros father of the groom; Francois Cadet, brother-in-law of the groom; Daniel Tranchant, brother of the bride; Mr Jehan Chapeau ; D. Malgrange. Souchet, min.<br \/><br \/>Marthe\u2019s parents were on the refugee relief rolls in London:<br \/>French refugees in Great Britain in the early 1700s: lists of recipients of payments from the Royal Bounty in the years 1705, 1707 and 1721-3. 1705 Legros Michel [age 72], from Chastelleraut, his wife, London &amp; Spitalfields, page 79<br \/>1707 le Gros Michel, Commoner, Ordinary, London &amp; Spitalfields, district Brick Lane, page 25<\/p><\/div>\n\t\t\t\t<\/div>\n\t\t\t\t<\/div>\n\t\t\t\t\t\t<\/div>\n\t\t\t\t\t<\/div>\n\t\t<\/div>\n\t\t\t\t\t\t\t\t<\/div>\n\t\t\t\t\t<\/div>\n\t\t<\/section>\n\t\t\t\t<section class=\"elementor-section elementor-top-section elementor-element elementor-element-d4342db elementor-section-boxed elementor-section-height-default elementor-section-height-default\" data-id=\"d4342db\" data-element_type=\"section\">\n\t\t\t\t\t\t<div class=\"elementor-container elementor-column-gap-default\">\n\t\t\t\t\t\t\t<div class=\"elementor-row\">\n\t\t\t\t\t<div class=\"elementor-column elementor-col-100 elementor-top-column elementor-element elementor-element-514d529\" data-id=\"514d529\" data-element_type=\"column\">\n\t\t\t<div class=\"elementor-column-wrap elementor-element-populated\">\n\t\t\t\t\t\t\t<div class=\"elementor-widget-wrap\">\n\t\t\t\t\t\t<div class=\"elementor-element elementor-element-6ece93d elementor-widget elementor-widget-heading\" data-id=\"6ece93d\" data-element_type=\"widget\" data-widget_type=\"heading.default\">\n\t\t\t\t<div class=\"elementor-widget-container\">\n\t\t\t<h2 class=\"elementor-heading-title elementor-size-default\">Francis Cadet Will<\/h2>\t\t<\/div>\n\t\t\t\t<\/div>\n\t\t\t\t\t\t<\/div>\n\t\t\t\t\t<\/div>\n\t\t<\/div>\n\t\t\t\t\t\t\t\t<\/div>\n\t\t\t\t\t<\/div>\n\t\t<\/section>\n\t\t\t\t<section class=\"elementor-section elementor-top-section elementor-element elementor-element-f5dac97 elementor-section-boxed elementor-section-height-default elementor-section-height-default\" data-id=\"f5dac97\" data-element_type=\"section\">\n\t\t\t\t\t\t<div class=\"elementor-container elementor-column-gap-default\">\n\t\t\t\t\t\t\t<div class=\"elementor-row\">\n\t\t\t\t\t<div class=\"elementor-column elementor-col-100 elementor-top-column elementor-element elementor-element-83a0637\" data-id=\"83a0637\" data-element_type=\"column\">\n\t\t\t<div class=\"elementor-column-wrap elementor-element-populated\">\n\t\t\t\t\t\t\t<div class=\"elementor-widget-wrap\">\n\t\t\t\t\t\t<div class=\"elementor-element elementor-element-589fb25 elementor-widget elementor-widget-image\" data-id=\"589fb25\" data-element_type=\"widget\" data-widget_type=\"image.default\">\n\t\t\t\t<div class=\"elementor-widget-container\">\n\t\t\t\t\t<div class=\"elementor-image\">\n\t\t\t\t\t\t\t\t\t\t<img width=\"1024\" height=\"688\" src=\"https:\/\/lundeenfamilytree.com\/wp-content\/uploads\/2020\/07\/FrancisCadetYoungWill11-1024x688.jpg\" class=\"attachment-large size-large\" alt=\"\" loading=\"lazy\" srcset=\"https:\/\/lundeenfamilytree.com\/wp-content\/uploads\/2020\/07\/FrancisCadetYoungWill11-1024x688.jpg 1024w, https:\/\/lundeenfamilytree.com\/wp-content\/uploads\/2020\/07\/FrancisCadetYoungWill11-300x202.jpg 300w, https:\/\/lundeenfamilytree.com\/wp-content\/uploads\/2020\/07\/FrancisCadetYoungWill11-768x516.jpg 768w, https:\/\/lundeenfamilytree.com\/wp-content\/uploads\/2020\/07\/FrancisCadetYoungWill11-1536x1032.jpg 1536w, https:\/\/lundeenfamilytree.com\/wp-content\/uploads\/2020\/07\/FrancisCadetYoungWill11-2048x1377.jpg 2048w\" sizes=\"(max-width: 1024px) 100vw, 1024px\" \/>\t\t\t\t\t\t\t\t\t\t\t<\/div>\n\t\t\t\t<\/div>\n\t\t\t\t<\/div>\n\t\t\t\t\t\t<\/div>\n\t\t\t\t\t<\/div>\n\t\t<\/div>\n\t\t\t\t\t\t\t\t<\/div>\n\t\t\t\t\t<\/div>\n\t\t<\/section>\n\t\t\t\t<section class=\"elementor-section elementor-top-section elementor-element elementor-element-31aab01 elementor-section-boxed elementor-section-height-default elementor-section-height-default\" data-id=\"31aab01\" data-element_type=\"section\">\n\t\t\t\t\t\t<div class=\"elementor-container elementor-column-gap-default\">\n\t\t\t\t\t\t\t<div class=\"elementor-row\">\n\t\t\t\t\t<div class=\"elementor-column elementor-col-100 elementor-top-column elementor-element elementor-element-c088be1\" data-id=\"c088be1\" data-element_type=\"column\">\n\t\t\t<div class=\"elementor-column-wrap elementor-element-populated\">\n\t\t\t\t\t\t\t<div class=\"elementor-widget-wrap\">\n\t\t\t\t\t\t<div class=\"elementor-element elementor-element-ce95be7 elementor-widget elementor-widget-spacer\" data-id=\"ce95be7\" data-element_type=\"widget\" data-widget_type=\"spacer.default\">\n\t\t\t\t<div class=\"elementor-widget-container\">\n\t\t\t\t\t<div class=\"elementor-spacer\">\n\t\t\t<div class=\"elementor-spacer-inner\"><\/div>\n\t\t<\/div>\n\t\t\t\t<\/div>\n\t\t\t\t<\/div>\n\t\t\t\t\t\t<\/div>\n\t\t\t\t\t<\/div>\n\t\t<\/div>\n\t\t\t\t\t\t\t\t<\/div>\n\t\t\t\t\t<\/div>\n\t\t<\/section>\n\t\t\t\t<section class=\"elementor-section elementor-top-section elementor-element elementor-element-aacd8ae elementor-section-boxed elementor-section-height-default elementor-section-height-default\" data-id=\"aacd8ae\" data-element_type=\"section\">\n\t\t\t\t\t\t<div class=\"elementor-container elementor-column-gap-default\">\n\t\t\t\t\t\t\t<div class=\"elementor-row\">\n\t\t\t\t\t<div class=\"elementor-column elementor-col-100 elementor-top-column elementor-element elementor-element-b43f4a8\" data-id=\"b43f4a8\" data-element_type=\"column\">\n\t\t\t<div class=\"elementor-column-wrap elementor-element-populated\">\n\t\t\t\t\t\t\t<div class=\"elementor-widget-wrap\">\n\t\t\t\t\t\t<div class=\"elementor-element elementor-element-f91f15c elementor-widget elementor-widget-image\" data-id=\"f91f15c\" data-element_type=\"widget\" data-widget_type=\"image.default\">\n\t\t\t\t<div class=\"elementor-widget-container\">\n\t\t\t\t\t<div class=\"elementor-image\">\n\t\t\t\t\t\t\t\t\t\t<img width=\"1024\" height=\"715\" src=\"https:\/\/lundeenfamilytree.com\/wp-content\/uploads\/2020\/07\/FrancisCadetYoungPg22-1024x715.jpg\" class=\"attachment-large size-large\" alt=\"\" loading=\"lazy\" srcset=\"https:\/\/lundeenfamilytree.com\/wp-content\/uploads\/2020\/07\/FrancisCadetYoungPg22-1024x715.jpg 1024w, https:\/\/lundeenfamilytree.com\/wp-content\/uploads\/2020\/07\/FrancisCadetYoungPg22-300x209.jpg 300w, https:\/\/lundeenfamilytree.com\/wp-content\/uploads\/2020\/07\/FrancisCadetYoungPg22-768x536.jpg 768w, https:\/\/lundeenfamilytree.com\/wp-content\/uploads\/2020\/07\/FrancisCadetYoungPg22-1536x1073.jpg 1536w, https:\/\/lundeenfamilytree.com\/wp-content\/uploads\/2020\/07\/FrancisCadetYoungPg22-2048x1430.jpg 2048w\" sizes=\"(max-width: 1024px) 100vw, 1024px\" \/>\t\t\t\t\t\t\t\t\t\t\t<\/div>\n\t\t\t\t<\/div>\n\t\t\t\t<\/div>\n\t\t\t\t\t\t<\/div>\n\t\t\t\t\t<\/div>\n\t\t<\/div>\n\t\t\t\t\t\t\t\t<\/div>\n\t\t\t\t\t<\/div>\n\t\t<\/section>\n\t\t\t\t<section class=\"elementor-section elementor-top-section elementor-element elementor-element-15d4025 elementor-section-boxed elementor-section-height-default elementor-section-height-default\" data-id=\"15d4025\" data-element_type=\"section\">\n\t\t\t\t\t\t<div class=\"elementor-container elementor-column-gap-default\">\n\t\t\t\t\t\t\t<div class=\"elementor-row\">\n\t\t\t\t\t<div class=\"elementor-column elementor-col-100 elementor-top-column elementor-element elementor-element-65af4cf\" data-id=\"65af4cf\" data-element_type=\"column\">\n\t\t\t<div class=\"elementor-column-wrap elementor-element-populated\">\n\t\t\t\t\t\t\t<div class=\"elementor-widget-wrap\">\n\t\t\t\t\t\t<div class=\"elementor-element elementor-element-7b64ce1 elementor-widget elementor-widget-spacer\" data-id=\"7b64ce1\" data-element_type=\"widget\" data-widget_type=\"spacer.default\">\n\t\t\t\t<div class=\"elementor-widget-container\">\n\t\t\t\t\t<div class=\"elementor-spacer\">\n\t\t\t<div class=\"elementor-spacer-inner\"><\/div>\n\t\t<\/div>\n\t\t\t\t<\/div>\n\t\t\t\t<\/div>\n\t\t\t\t\t\t<\/div>\n\t\t\t\t\t<\/div>\n\t\t<\/div>\n\t\t\t\t\t\t\t\t<\/div>\n\t\t\t\t\t<\/div>\n\t\t<\/section>\n\t\t\t\t<section class=\"elementor-section elementor-top-section elementor-element elementor-element-cb1721a elementor-section-boxed elementor-section-height-default elementor-section-height-default\" data-id=\"cb1721a\" data-element_type=\"section\">\n\t\t\t\t\t\t<div class=\"elementor-container elementor-column-gap-default\">\n\t\t\t\t\t\t\t<div class=\"elementor-row\">\n\t\t\t\t\t<div class=\"elementor-column elementor-col-100 elementor-top-column elementor-element elementor-element-1a003da\" data-id=\"1a003da\" data-element_type=\"column\">\n\t\t\t<div class=\"elementor-column-wrap elementor-element-populated\">\n\t\t\t\t\t\t\t<div class=\"elementor-widget-wrap\">\n\t\t\t\t\t\t<div class=\"elementor-element elementor-element-6eac9b7 elementor-widget elementor-widget-heading\" data-id=\"6eac9b7\" data-element_type=\"widget\" data-widget_type=\"heading.default\">\n\t\t\t\t<div class=\"elementor-widget-container\">\n\t\t\t<h2 class=\"elementor-heading-title elementor-size-default\">Francis Young buried April 25, 1704<\/h2>\t\t<\/div>\n\t\t\t\t<\/div>\n\t\t\t\t\t\t<\/div>\n\t\t\t\t\t<\/div>\n\t\t<\/div>\n\t\t\t\t\t\t\t\t<\/div>\n\t\t\t\t\t<\/div>\n\t\t<\/section>\n\t\t\t\t<section class=\"elementor-section elementor-top-section elementor-element elementor-element-7c67f21 elementor-section-boxed elementor-section-height-default elementor-section-height-default\" data-id=\"7c67f21\" data-element_type=\"section\">\n\t\t\t\t\t\t<div class=\"elementor-container elementor-column-gap-default\">\n\t\t\t\t\t\t\t<div class=\"elementor-row\">\n\t\t\t\t\t<div class=\"elementor-column elementor-col-100 elementor-top-column elementor-element elementor-element-0f5eda3\" data-id=\"0f5eda3\" data-element_type=\"column\">\n\t\t\t<div class=\"elementor-column-wrap elementor-element-populated\">\n\t\t\t\t\t\t\t<div class=\"elementor-widget-wrap\">\n\t\t\t\t\t\t<div class=\"elementor-element elementor-element-e419732 elementor-widget elementor-widget-heading\" data-id=\"e419732\" data-element_type=\"widget\" data-widget_type=\"heading.default\">\n\t\t\t\t<div class=\"elementor-widget-container\">\n\t\t\t<h2 class=\"elementor-heading-title elementor-size-default\">Surrey, England Fetcham, St. Mary<\/h2>\t\t<\/div>\n\t\t\t\t<\/div>\n\t\t\t\t\t\t<\/div>\n\t\t\t\t\t<\/div>\n\t\t<\/div>\n\t\t\t\t\t\t\t\t<\/div>\n\t\t\t\t\t<\/div>\n\t\t<\/section>\n\t\t\t\t<section class=\"elementor-section elementor-top-section elementor-element elementor-element-fbcf3fc elementor-section-boxed elementor-section-height-default elementor-section-height-default\" data-id=\"fbcf3fc\" data-element_type=\"section\">\n\t\t\t\t\t\t<div class=\"elementor-container elementor-column-gap-default\">\n\t\t\t\t\t\t\t<div class=\"elementor-row\">\n\t\t\t\t\t<div class=\"elementor-column elementor-col-100 elementor-top-column elementor-element elementor-element-2788314\" data-id=\"2788314\" data-element_type=\"column\">\n\t\t\t<div class=\"elementor-column-wrap elementor-element-populated\">\n\t\t\t\t\t\t\t<div class=\"elementor-widget-wrap\">\n\t\t\t\t\t\t<div class=\"elementor-element elementor-element-09333fa elementor-widget elementor-widget-image\" data-id=\"09333fa\" data-element_type=\"widget\" data-widget_type=\"image.default\">\n\t\t\t\t<div class=\"elementor-widget-container\">\n\t\t\t\t\t<div class=\"elementor-image\">\n\t\t\t\t\t\t\t\t\t\t<img width=\"1024\" height=\"249\" src=\"https:\/\/lundeenfamilytree.com\/wp-content\/uploads\/2020\/07\/Screen-Shot-2020-07-09-at-10.09.14-PM-1024x249.png\" class=\"attachment-large size-large\" alt=\"\" loading=\"lazy\" srcset=\"https:\/\/lundeenfamilytree.com\/wp-content\/uploads\/2020\/07\/Screen-Shot-2020-07-09-at-10.09.14-PM-1024x249.png 1024w, https:\/\/lundeenfamilytree.com\/wp-content\/uploads\/2020\/07\/Screen-Shot-2020-07-09-at-10.09.14-PM-300x73.png 300w, https:\/\/lundeenfamilytree.com\/wp-content\/uploads\/2020\/07\/Screen-Shot-2020-07-09-at-10.09.14-PM-768x187.png 768w, https:\/\/lundeenfamilytree.com\/wp-content\/uploads\/2020\/07\/Screen-Shot-2020-07-09-at-10.09.14-PM-1536x373.png 1536w, https:\/\/lundeenfamilytree.com\/wp-content\/uploads\/2020\/07\/Screen-Shot-2020-07-09-at-10.09.14-PM.png 1662w\" sizes=\"(max-width: 1024px) 100vw, 1024px\" \/>\t\t\t\t\t\t\t\t\t\t\t<\/div>\n\t\t\t\t<\/div>\n\t\t\t\t<\/div>\n\t\t\t\t\t\t<\/div>\n\t\t\t\t\t<\/div>\n\t\t<\/div>\n\t\t\t\t\t\t\t\t<\/div>\n\t\t\t\t\t<\/div>\n\t\t<\/section>\n\t\t\t\t\t\t<\/div>\n\t\t\t\t\t\t<\/div>\n\t\t\t\t\t<\/div>\n\t\t","protected":false},"excerpt":{"rendered":"<p>Francois Cadet Young Born 1673-Doux, Departement des Deux-S\u00e8vres, Poitou-Charentes, France Maps Records Timeline Pictures Marie was the wife of Francois Cadet. As a young French Huguenot couple they left the Deux Sevres region of France in the late 1600s and settled into the French Huguenot Community in London. Marie Martha was buried in St. Luke&#8217;s [&hellip;]<\/p>\n","protected":false},"author":1,"featured_media":0,"parent":0,"menu_order":0,"comment_status":"closed","ping_status":"closed","template":"","meta":[],"_links":{"self":[{"href":"https:\/\/lundeenfamilytree.com\/index.php?rest_route=\/wp\/v2\/pages\/4455"}],"collection":[{"href":"https:\/\/lundeenfamilytree.com\/index.php?rest_route=\/wp\/v2\/pages"}],"about":[{"href":"https:\/\/lundeenfamilytree.com\/index.php?rest_route=\/wp\/v2\/types\/page"}],"author":[{"embeddable":true,"href":"https:\/\/lundeenfamilytree.com\/index.php?rest_route=\/wp\/v2\/users\/1"}],"replies":[{"embeddable":true,"href":"https:\/\/lundeenfamilytree.com\/index.php?rest_route=%2Fwp%2Fv2%2Fcomments&post=4455"}],"version-history":[{"count":6,"href":"https:\/\/lundeenfamilytree.com\/index.php?rest_route=\/wp\/v2\/pages\/4455\/revisions"}],"predecessor-version":[{"id":4618,"href":"https:\/\/lundeenfamilytree.com\/index.php?rest_route=\/wp\/v2\/pages\/4455\/revisions\/4618"}],"wp:attachment":[{"href":"https:\/\/lundeenfamilytree.com\/index.php?rest_route=%2Fwp%2Fv2%2Fmedia&parent=4455"}],"curies":[{"name":"wp","href":"https:\/\/api.w.org\/{rel}","templated":true}]}}